{"id":122,"date":"2026-01-26T21:42:41","date_gmt":"2026-01-26T20:42:41","guid":{"rendered":"http:\/\/hutaszkla-eva.pl\/?page_id=122"},"modified":"2026-01-26T22:28:15","modified_gmt":"2026-01-26T21:28:15","slug":"nowosci","status":"publish","type":"page","link":"http:\/\/hutaszkla-eva.pl\/?page_id=122","title":{"rendered":"Nowo\u015bci 2026"},"content":{"rendered":"\n<p>Poszerzyli\u015bmy nasz\u0105 ofert\u0119 o 8 nowych wzor\u00f3w.<\/p>\n\n\n\n<figure class=\"wp-block-gallery has-nested-images columns-default is-cropped wp-block-gallery-1 is-layout-flex wp-block-gallery-is-layout-flex\">\n<figure class=\"wp-block-image size-large\"><img loading=\"lazy\" decoding=\"async\" width=\"1024\" height=\"512\" data-id=\"125\" src=\"http:\/\/hutaszkla-eva.pl\/wp-content\/uploads\/2026\/01\/CG-1024x512.png\" alt=\"\" class=\"wp-image-125\" srcset=\"http:\/\/hutaszkla-eva.pl\/wp-content\/uploads\/2026\/01\/CG-1024x512.png 1024w, http:\/\/hutaszkla-eva.pl\/wp-content\/uploads\/2026\/01\/CG-300x150.png 300w, http:\/\/hutaszkla-eva.pl\/wp-content\/uploads\/2026\/01\/CG-768x384.png 768w, http:\/\/hutaszkla-eva.pl\/wp-content\/uploads\/2026\/01\/CG-1536x768.png 1536w, http:\/\/hutaszkla-eva.pl\/wp-content\/uploads\/2026\/01\/CG.png 1600w\" sizes=\"auto, (max-width: 1024px) 100vw, 1024px\" \/><\/figure>\n\n\n\n<figure class=\"wp-block-image size-large\"><img loading=\"lazy\" decoding=\"async\" width=\"1024\" height=\"512\" data-id=\"126\" src=\"http:\/\/hutaszkla-eva.pl\/wp-content\/uploads\/2026\/01\/CMG-1024x512.png\" alt=\"\" class=\"wp-image-126\" srcset=\"http:\/\/hutaszkla-eva.pl\/wp-content\/uploads\/2026\/01\/CMG-1024x512.png 1024w, http:\/\/hutaszkla-eva.pl\/wp-content\/uploads\/2026\/01\/CMG-300x150.png 300w, http:\/\/hutaszkla-eva.pl\/wp-content\/uploads\/2026\/01\/CMG-768x384.png 768w, http:\/\/hutaszkla-eva.pl\/wp-content\/uploads\/2026\/01\/CMG-1536x768.png 1536w, http:\/\/hutaszkla-eva.pl\/wp-content\/uploads\/2026\/01\/CMG.png 1600w\" sizes=\"auto, (max-width: 1024px) 100vw, 1024px\" \/><\/figure>\n\n\n\n<figure class=\"wp-block-image size-large\"><img loading=\"lazy\" decoding=\"async\" width=\"1024\" height=\"512\" data-id=\"129\" src=\"http:\/\/hutaszkla-eva.pl\/wp-content\/uploads\/2026\/01\/CN-1024x512.png\" alt=\"\" class=\"wp-image-129\" srcset=\"http:\/\/hutaszkla-eva.pl\/wp-content\/uploads\/2026\/01\/CN-1024x512.png 1024w, http:\/\/hutaszkla-eva.pl\/wp-content\/uploads\/2026\/01\/CN-300x150.png 300w, http:\/\/hutaszkla-eva.pl\/wp-content\/uploads\/2026\/01\/CN-768x384.png 768w, http:\/\/hutaszkla-eva.pl\/wp-content\/uploads\/2026\/01\/CN-1536x768.png 1536w, http:\/\/hutaszkla-eva.pl\/wp-content\/uploads\/2026\/01\/CN.png 1600w\" sizes=\"auto, (max-width: 1024px) 100vw, 1024px\" \/><\/figure>\n\n\n\n<figure class=\"wp-block-image size-large\"><img loading=\"lazy\" decoding=\"async\" width=\"1024\" height=\"512\" data-id=\"130\" src=\"http:\/\/hutaszkla-eva.pl\/wp-content\/uploads\/2026\/01\/G-1024x512.png\" alt=\"\" class=\"wp-image-130\" srcset=\"http:\/\/hutaszkla-eva.pl\/wp-content\/uploads\/2026\/01\/G-1024x512.png 1024w, http:\/\/hutaszkla-eva.pl\/wp-content\/uploads\/2026\/01\/G-300x150.png 300w, http:\/\/hutaszkla-eva.pl\/wp-content\/uploads\/2026\/01\/G-768x384.png 768w, http:\/\/hutaszkla-eva.pl\/wp-content\/uploads\/2026\/01\/G-1536x768.png 1536w, http:\/\/hutaszkla-eva.pl\/wp-content\/uploads\/2026\/01\/G.png 1600w\" sizes=\"auto, (max-width: 1024px) 100vw, 1024px\" \/><\/figure>\n\n\n\n<figure class=\"wp-block-image size-large\"><img loading=\"lazy\" decoding=\"async\" width=\"1024\" height=\"512\" data-id=\"127\" src=\"http:\/\/hutaszkla-eva.pl\/wp-content\/uploads\/2026\/01\/H2-1024x512.png\" alt=\"\" class=\"wp-image-127\" srcset=\"http:\/\/hutaszkla-eva.pl\/wp-content\/uploads\/2026\/01\/H2-1024x512.png 1024w, http:\/\/hutaszkla-eva.pl\/wp-content\/uploads\/2026\/01\/H2-300x150.png 300w, http:\/\/hutaszkla-eva.pl\/wp-content\/uploads\/2026\/01\/H2-768x384.png 768w, http:\/\/hutaszkla-eva.pl\/wp-content\/uploads\/2026\/01\/H2-1536x768.png 1536w, http:\/\/hutaszkla-eva.pl\/wp-content\/uploads\/2026\/01\/H2.png 1600w\" sizes=\"auto, (max-width: 1024px) 100vw, 1024px\" \/><\/figure>\n\n\n\n<figure class=\"wp-block-image size-large\"><img loading=\"lazy\" decoding=\"async\" width=\"1024\" height=\"512\" data-id=\"128\" src=\"http:\/\/hutaszkla-eva.pl\/wp-content\/uploads\/2026\/01\/JMD-1024x512.png\" alt=\"\" class=\"wp-image-128\" srcset=\"http:\/\/hutaszkla-eva.pl\/wp-content\/uploads\/2026\/01\/JMD-1024x512.png 1024w, http:\/\/hutaszkla-eva.pl\/wp-content\/uploads\/2026\/01\/JMD-300x150.png 300w, http:\/\/hutaszkla-eva.pl\/wp-content\/uploads\/2026\/01\/JMD-768x384.png 768w, http:\/\/hutaszkla-eva.pl\/wp-content\/uploads\/2026\/01\/JMD-1536x768.png 1536w, http:\/\/hutaszkla-eva.pl\/wp-content\/uploads\/2026\/01\/JMD.png 1600w\" sizes=\"auto, (max-width: 1024px) 100vw, 1024px\" \/><\/figure>\n\n\n\n<figure class=\"wp-block-image size-large\"><img loading=\"lazy\" decoding=\"async\" width=\"1024\" height=\"512\" data-id=\"132\" src=\"http:\/\/hutaszkla-eva.pl\/wp-content\/uploads\/2026\/01\/N4-1024x512.png\" alt=\"\" class=\"wp-image-132\" srcset=\"http:\/\/hutaszkla-eva.pl\/wp-content\/uploads\/2026\/01\/N4-1024x512.png 1024w, http:\/\/hutaszkla-eva.pl\/wp-content\/uploads\/2026\/01\/N4-300x150.png 300w, http:\/\/hutaszkla-eva.pl\/wp-content\/uploads\/2026\/01\/N4-768x384.png 768w, http:\/\/hutaszkla-eva.pl\/wp-content\/uploads\/2026\/01\/N4-1536x768.png 1536w, http:\/\/hutaszkla-eva.pl\/wp-content\/uploads\/2026\/01\/N4.png 1600w\" sizes=\"auto, (max-width: 1024px) 100vw, 1024px\" \/><\/figure>\n\n\n\n<figure class=\"wp-block-image size-large\"><img loading=\"lazy\" decoding=\"async\" width=\"1024\" height=\"512\" data-id=\"131\" src=\"http:\/\/hutaszkla-eva.pl\/wp-content\/uploads\/2026\/01\/Serce-1024x512.png\" alt=\"\" class=\"wp-image-131\" srcset=\"http:\/\/hutaszkla-eva.pl\/wp-content\/uploads\/2026\/01\/Serce-1024x512.png 1024w, http:\/\/hutaszkla-eva.pl\/wp-content\/uploads\/2026\/01\/Serce-300x150.png 300w, http:\/\/hutaszkla-eva.pl\/wp-content\/uploads\/2026\/01\/Serce-768x384.png 768w, http:\/\/hutaszkla-eva.pl\/wp-content\/uploads\/2026\/01\/Serce-1536x768.png 1536w, http:\/\/hutaszkla-eva.pl\/wp-content\/uploads\/2026\/01\/Serce.png 1600w\" sizes=\"auto, (max-width: 1024px) 100vw, 1024px\" \/><\/figure>\n<\/figure>\n","protected":false},"excerpt":{"rendered":"<p>Poszerzyli\u015bmy nasz\u0105 ofert\u0119 o 8 nowych wzor\u00f3w.<\/p>\n","protected":false},"author":1,"featured_media":0,"parent":0,"menu_order":0,"comment_status":"closed","ping_status":"closed","template":"","meta":{"footnotes":""},"class_list":["post-122","page","type-page","status-publish","hentry"],"_links":{"self":[{"href":"http:\/\/hutaszkla-eva.pl\/index.php?rest_route=\/wp\/v2\/pages\/122","targetHints":{"allow":["GET"]}}],"collection":[{"href":"http:\/\/hutaszkla-eva.pl\/index.php?rest_route=\/wp\/v2\/pages"}],"about":[{"href":"http:\/\/hutaszkla-eva.pl\/index.php?rest_route=\/wp\/v2\/types\/page"}],"author":[{"embeddable":true,"href":"http:\/\/hutaszkla-eva.pl\/index.php?rest_route=\/wp\/v2\/users\/1"}],"replies":[{"embeddable":true,"href":"http:\/\/hutaszkla-eva.pl\/index.php?rest_route=%2Fwp%2Fv2%2Fcomments&post=122"}],"version-history":[{"count":2,"href":"http:\/\/hutaszkla-eva.pl\/index.php?rest_route=\/wp\/v2\/pages\/122\/revisions"}],"predecessor-version":[{"id":133,"href":"http:\/\/hutaszkla-eva.pl\/index.php?rest_route=\/wp\/v2\/pages\/122\/revisions\/133"}],"wp:attachment":[{"href":"http:\/\/hutaszkla-eva.pl\/index.php?rest_route=%2Fwp%2Fv2%2Fmedia&parent=122"}],"curies":[{"name":"wp","href":"https:\/\/api.w.org\/{rel}","templated":true}]}}